{"id":803,"date":"2022-05-26T20:54:13","date_gmt":"2022-05-26T20:54:13","guid":{"rendered":"http:\/\/www.stoconsulting.com\/stoconsultingcom\/?page_id=803"},"modified":"2025-10-21T14:06:10","modified_gmt":"2025-10-21T19:06:10","slug":"quienes-somos","status":"publish","type":"page","link":"https:\/\/www.stoconsulting.com\/stoconsultingcom\/quienes-somos\/","title":{"rendered":"\u00bfQuienes somos?"},"content":{"rendered":"<div  data-label=\"Content\" data-id=\"content--1\" data-export-id=\"content-7\" data-category=\"content\" class=\"content-7 content-section content-section-spacing\" id=\"content-1\" style=\"background-color: rgb(255, 255, 255); background-image: url(&quot;https:\/\/www.stoconsulting.com\/stoconsultingcom\/wp-content\/uploads\/2022\/06\/QUIENES-SOMOS-scaled.jpg&quot;); background-size: cover; background-position: center top;\"><div  class=\"gridContainer\"> <div  class=\"row middle-sm\"><div  class=\"col-sm-6 space-bottom-xs\" data-type=\"column\"> <h2  class=\"\" style=\"border-bottom-color: rgb(248, 0, 0);\"><span  style=\"color: rgb(51, 51, 51); font-family: &quot;Open Sans&quot;, arial, helvetica, sans-serif;\"><span  style=\"font-weight: 700;\">EXPERIENCIA Y CALIDAD\n<\/span><br >EN SOLUCIONES DE TI<\/span><span  id=\"_mce_caret\" data-mce-bogus=\"1\" data-mce-type=\"format-caret\"><span  style=\"color: rgb(51, 51, 51);\">\ufeff<\/span><\/span><\/h2> <p  class=\"\" style=\"text-align: justify;\"><span  style=\"font-weight: 300; color: rgb(51, 51, 51); font-family: &quot;Open Sans&quot;, arial, helvetica, sans-serif;\">Somos una empresa mexicana con m\u00e1s de <span  style=\"font-weight: 700;\">23 a\u00f1os de experiencia en el mercado, contamos con 13 l\u00edneas de negocio y somos especialistas en aplicaciones y tecnolog\u00eda Oracle; adem\u00e1s somos Proveedor Autorizado de Certificaci\u00f3n ante el SAT (PAC 09581).\n<\/span><\/span><br ><span  style=\"font-family: &quot;Open Sans&quot;, arial, helvetica, sans-serif; font-weight: 300; color: rgb(51, 51, 51);\"><br ><span  style=\"font-weight: 400;\"><span  style=\"font-weight: 700;\">STO Consulting<\/span> <span  style=\"font-weight: 300;\">ofrece una gama de servicios profesionales alineados a los principales procesos de negocio de las empresas, que generan valor a sus objetivos operativos, t\u00e1cticos y estrat\u00e9gicos.\n<\/span><\/span>Contamos con oficinas en CDMX, M\u00e9xico y Bogot\u00e1, Colombia, con proyectos a lo largo del pa\u00eds, Centro y Sudam\u00e9rica.<\/span><\/p> <\/div> <div  class=\"col-sm-6\" data-type=\"column\"> <a  data-cp-link=\"1\" href=\"#\" class=\"\" target=\"_self\" rel=\"noopener\"><img  decoding=\"async\" class=\"shadow-large\" src=\"\"><\/a><\/div> <\/div><\/div> <\/div><div  data-label=\"Counters\" data-id=\"counters--1\" data-export-id=\"counters-2\" data-category=\"counters\" class=\"counters-2 content-section content-section-spacing\" id=\"counters-1\" style=\"background-color: rgb(255, 255, 255); background-image: none;\"><div  class=\"gridContainer\"> <div  class=\"row text-center\"><div  class=\"section-title-col\" data-type=\"column\"> <h2  class=\"\" style=\"border-bottom-color: rgb(248, 0, 0);\"><span  style=\"font-family: &quot;Open Sans&quot;, arial, helvetica, sans-serif; color: rgb(0, 0, 0); font-weight: 700;\"><span  style=\"color: rgb(51, 51, 51);\">CONTADORES&nbsp;<\/span><span  style=\"font-weight: 400;\"><span  style=\"color: rgb(51, 51, 51);\">DE SATISFACCI\u00d3N<\/span>&nbsp;<\/span><\/span><\/h2> <\/div> <\/div> <div  class=\"row\" data-type=\"row\"> <div  class=\"col-xs-12 col-sm-4 text-center space-bottom col-md-3\"> <i  class=\"fa icon color9 fa-calendar color3\"><\/i> <h3  class=\"font-400\" data-min=\"1\" data-max=\"20\" data-duration=\"2000\" data-prefix=\"+\" data-suffix=\"\" data-countup=\"true\" style=\"display: inline-block;\"><\/h3> <h5  class=\"upper color2\"><span  style=\"color: rgb(248, 0, 0); font-family: &quot;Open Sans&quot;, arial, helvetica, sans-serif; font-weight: 400;\">a\u00f1os de experiencia<\/span><\/h5><\/div> <div  class=\"col-xs-12 col-sm-4 text-center space-bottom col-md-3\"><i  class=\"fa icon color9 fa-certificate color3\"><\/i> <h3  class=\"font-400\" data-min=\"1\" data-max=\"140\" data-duration=\"2000\" data-prefix=\"+\" data-suffix=\"\" data-countup=\"true\" style=\"display: inline-block;\"><\/h3> <h5  class=\"upper color2\"><span  style=\"color: rgb(248, 0, 0); font-weight: 400; font-family: &quot;Open Sans&quot;, arial, helvetica, sans-serif;\">certificaciones oracle en nuestro equipo de trabajo<\/span><\/h5><\/div> <div  class=\"col-xs-12 col-sm-4 text-center space-bottom col-md-3\"><i  class=\"fa icon color9 fa-user-circle-o color3\"><\/i> <h3  class=\"font-400\" data-min=\"100\" data-max=\"220\" data-duration=\"2000\" data-prefix=\"+\" data-suffix=\"\" data-countup=\"true\" style=\"display: inline-block;\"><\/h3> <h5  class=\"upper color2\"><span  style=\"color: rgb(248, 0, 0); font-family: &quot;Open Sans&quot;, arial, helvetica, sans-serif; font-weight: 400;\">colaboradores<\/span><span  id=\"_mce_caret\" data-mce-bogus=\"1\" data-mce-type=\"format-caret\"><span  style=\"font-family: &quot;Open Sans&quot;, arial, helvetica, sans-serif; font-weight: 400;\">\ufeff<\/span><\/span><\/h5><\/div> <div  class=\"col-xs-12 col-sm-4 text-center space-bottom col-md-3\"> <i  class=\"fa icon color9 fa-users color3\"><\/i> <h3  class=\"font-400\" data-min=\"100\" data-max=\"10000\" data-duration=\"2000\" data-prefix=\"+\" data-suffix=\"\" data-countup=\"true\" style=\"display: inline-block;\"><\/h3> <h5  class=\"upper color2\"><span  style=\"color: rgb(248, 0, 0); font-family: &quot;Open Sans&quot;, arial, helvetica, sans-serif; font-weight: 400;\">CLIENTES<\/span><\/h5><\/div><\/div><\/div> <\/div><div  data-label=\"Testimonials\" data-id=\"testimonials--1\" data-export-id=\"testimonials-1\" data-category=\"testimonials\" class=\"testimonials-1 content-section content-section-spacing\" id=\"testimonials-1\" style=\"background-color: rgb(255, 255, 255);\"><div  class=\"gridContainer\"> <div  class=\"row\"><div  data-type=\"column\" class=\"section-title-col\"> <h2  class=\"\" style=\"border-bottom-color: rgb(255, 79, 91);\"><span  style=\"font-family: &quot;Open Sans&quot;, arial, helvetica, sans-serif; color: rgb(51, 51, 51);\"><span  style=\"font-weight: 700;\">ASOCIACIONES&nbsp;<\/span>Y CERTIFICACIONES.<\/span><\/h2> <\/div> <\/div> <div  class=\"row spaced-cols content-center-sm\" data-type=\"row\">  <div  class=\"col-xs-12 col-sm-6 col-md-4\"> <a  data-cp-link=\"1\" href=\"http:\/\/omawww.sat.gob.mx\/tramitesyservicios\/Paginas\/pac_stofactura.htm\" class=\"\" target=\"_blank\" rel=\"noopener\"><img  decoding=\"async\" src=\"https:\/\/www.stoconsulting.com\/stoconsultingcom\/wp-content\/uploads\/2025\/10\/cropped-cropped-STO_PAGINA_WEB_SAT.png\" class=\"round icon\" title=\"cropped-cropped-LOGO_SAT.png\" alt=\"\"><\/a><h5  class=\"\"><span  style=\"font-family: &quot;Open Sans&quot;, arial, helvetica, sans-serif; font-weight: 700;\">SAT<\/span><\/h5><p  class=\"\" style=\"text-align: justify;\"><span  style=\"font-weight: 300; font-family: &quot;Open Sans&quot;, arial, helvetica, sans-serif; color: rgb(51, 51, 51);\">PROVEEDOR AUTORIZADO DE CERTIFICACI\u00d3N ANTE EL SAT (PAC 09581).<\/span><\/p>   <\/div>  <div  class=\"col-xs-12 col-sm-6 col-md-4\">  <a  data-cp-link=\"1\" href=\"https:\/\/www.oracle.com\/mx\/index.html\" class=\"\" target=\"_blank\" rel=\"noopener\"><img  decoding=\"async\" src=\"https:\/\/www.stoconsulting.com\/stoconsultingcom\/wp-content\/uploads\/2025\/10\/cropped-STO_PAGINA_WEB_oracle.png\" class=\"round icon\" title=\"cropped-cropped-cropped-LOGO_ORACLE-2.png\" alt=\"\"><\/a><h5  class=\"\"><span  style=\"font-family: &quot;Open Sans&quot;, arial, helvetica, sans-serif; font-weight: 700; color: rgb(51, 51, 51);\">ORACLE<\/span><\/h5><p  class=\"\" style=\"text-align: justify;\"><span  style=\"font-weight: 300; font-family: &quot;Open Sans&quot;, arial, helvetica, sans-serif; color: rgb(51, 51, 51);\">PROVEEMOS SOLUCIONES INTEGRALES PARA LA GESTI\u00d3N Y ADMINISTRACI\u00d3N DE LAS ACTIVIDADES COMERCIALES DIARIAS CON LOS APLICATIVOS ORACLE.<\/span><\/p>   <\/div><div  class=\"col-xs-12 col-sm-6 col-md-4\"> <a  data-cp-link=\"1\" href=\"http:\/\/omawww.sat.gob.mx\/tramitesyservicios\/Paginas\/pac_stofactura.htm\" class=\"\" target=\"_blank\" rel=\"noopener\"><img  decoding=\"async\" src=\"https:\/\/www.stoconsulting.com\/stoconsultingcom\/wp-content\/uploads\/2025\/08\/cropped-SAP_WEB-1.png\" class=\"round icon\" title=\"cropped-cropped-LOGO_SAT.png\" alt=\"\"><\/a><h5  class=\"\"><span  style=\"font-family: &quot;Open Sans&quot;, arial, helvetica, sans-serif; font-weight: 700;\">SAP<\/span><\/h5><p  class=\"\" style=\"text-align: justify;\"><span  style=\"font-weight: 300; font-family: &quot;Open Sans&quot;, arial, helvetica, sans-serif; color: rgb(51, 51, 51);\">IMPULSAMOS LA GESTI\u00d3N Y ADMINISTRACI\u00d3N EMPRESARIAL CON LAS SOLUCIONES INTEGRALES SAP QUE TRANSFORMA CADA PROCESO EN EFICIENCIA.<\/span><\/p>   <\/div><\/div><\/div> <\/div><div  data-label=\"Contact\" data-id=\"contact--1\" data-export-id=\"contact-1\" data-category=\"contact\" class=\"contact-1 content-section content-section-spacing white-text\" data-parallax-depth=\"20\" id=\"contact-1\" style=\"background-color: rgb(245, 250, 253); background-image: url(&quot;https:\/\/www.stoconsulting.com\/stoconsultingcom\/wp-content\/uploads\/2025\/10\/STO_PAGINA_WEB_background.png&quot;); background-size: cover; background-position: center top;\"><div  class=\"gridContainer\"> <div  class=\"row text-center\"><div  class=\"section-title-col\" data-type=\"column\"> <h2  class=\"\" style=\"border-bottom-color: rgb(237, 55, 55);\"><span  style=\"font-family: &quot;Open Sans&quot;, arial, helvetica, sans-serif; font-weight: 700;\">Cont\u00e1cto<\/span><\/h2> <p  class=\"lead\"><span  style=\"font-weight: 700; color: rgb(255, 79, 91);\">M\u00c9XICO<\/span><br >\nLago Alberto n\u00famero 442, oficina 303, Torre A,<br >\nColonia An\u00e1huac I Secci\u00f3n, Miguel Hidalgo, C.P. 11320, CDMX<br >\nSTO Consulting: (55) 5284 5060\n<br ><br ><br >\n<span  style=\"font-weight: 600; color: rgb(255, 79, 91);\">COLOMBIA<\/span><br >\nCalle 125 #19-89 Oficina 502,<br >\nBogot\u00e1, Colombia<br >\nSTO Consulting Colombia: +57 1 6583760<\/p><\/div> <\/div> <div  class=\"row text-center\"> <div  class=\"col-xs-12 col-sm-8 col-sm-offset-2 contact-form-wrapper inline-info\"> <div  class=\"card large-padding\"> <div  class=\"\" data-content-shortcode=\"mesmerize_contact_form shortcode=&quot;wpforms id=&amp;amp;quot;1698&amp;amp;quot;&quot;\" data-editable=\"true\"><style id=\"wpforms-css-vars-1698\">\n\t\t\t\t#wpforms-1698 {\n\t\t\t\t\n\t\t\t}\n\t\t\t<\/style><div class=\"wpforms-container wpforms-container-full wpforms-render-modern\" id=\"wpforms-1698\"><form id=\"wpforms-form-1698\" class=\"wpforms-validate wpforms-form wpforms-ajax-form\" data-formid=\"1698\" method=\"post\" enctype=\"multipart\/form-data\" action=\"\/stoconsultingcom\/wp-json\/wp\/v2\/pages\/803\" data-token=\"884639c3ab27389563af3adc9878761f\" data-token-time=\"1777719020\"><noscript class=\"wpforms-error-noscript\">Por favor, activa JavaScript en tu navegador para completar este formulario.<\/noscript><div id=\"wpforms-error-noscript\" style=\"display: none;\">Por favor, activa JavaScript en tu navegador para completar este formulario.<\/div><div class=\"wpforms-field-container\"><div id=\"wpforms-1698-field_0-container\" class=\"wpforms-field wpforms-field-name\" data-field-id=\"0\"><fieldset><legend class=\"wpforms-field-label\">Nombre: <span class=\"wpforms-required-label\" aria-hidden=\"true\">*<\/span><\/legend><div class=\"wpforms-field-row wpforms-field-medium\"><div class=\"wpforms-field-row-block wpforms-first wpforms-one-half\"><input type=\"text\" id=\"wpforms-1698-field_0\" class=\"wpforms-field-name-first wpforms-field-required\" name=\"wpforms[fields][0][first]\" aria-errormessage=\"wpforms-1698-field_0-error\" required><label for=\"wpforms-1698-field_0\" class=\"wpforms-field-sublabel after\">Nombre<\/label><\/div><div class=\"wpforms-field-row-block wpforms-one-half\"><input type=\"text\" id=\"wpforms-1698-field_0-last\" class=\"wpforms-field-name-last wpforms-field-required\" name=\"wpforms[fields][0][last]\" aria-errormessage=\"wpforms-1698-field_0-last-error\" required><label for=\"wpforms-1698-field_0-last\" class=\"wpforms-field-sublabel after\">Apellidos<\/label><\/div><\/div><\/fieldset><\/div><div id=\"wpforms-1698-field_1-container\" class=\"wpforms-field wpforms-field-email\" data-field-id=\"1\"><label class=\"wpforms-field-label\" for=\"wpforms-1698-field_1\">Correo electr\u00f3nico: <span class=\"wpforms-required-label\" aria-hidden=\"true\">*<\/span><\/label><input type=\"email\" id=\"wpforms-1698-field_1\" class=\"wpforms-field-medium wpforms-field-required\" name=\"wpforms[fields][1]\" spellcheck=\"false\" aria-errormessage=\"wpforms-1698-field_1-error\" required><\/div><div id=\"wpforms-1698-field_5-container\" class=\"wpforms-field wpforms-field-text\" data-field-id=\"5\"><label class=\"wpforms-field-label\" for=\"wpforms-1698-field_5\">Empresa:<\/label><input type=\"text\" id=\"wpforms-1698-field_5\" class=\"wpforms-field-medium\" name=\"wpforms[fields][5]\" aria-errormessage=\"wpforms-1698-field_5-error\" ><\/div><div id=\"wpforms-1698-field_3-container\" class=\"wpforms-field wpforms-field-number\" data-field-id=\"3\"><label class=\"wpforms-field-label\" for=\"wpforms-1698-field_3\">Tel\u00e9fono: <span class=\"wpforms-required-label\" aria-hidden=\"true\">*<\/span><\/label><input type=\"number\" id=\"wpforms-1698-field_3\" class=\"wpforms-field-medium wpforms-field-required\" name=\"wpforms[fields][3]\" step=\"any\" aria-errormessage=\"wpforms-1698-field_3-error\" required><\/div><div id=\"wpforms-1698-field_6-container\" class=\"wpforms-field wpforms-field-text\" data-field-id=\"6\"><label class=\"wpforms-field-label\" for=\"wpforms-1698-field_6\">Pa\u00eds: <\/label><input type=\"text\" id=\"wpforms-1698-field_6\" class=\"wpforms-field-medium\" name=\"wpforms[fields][6]\" aria-errormessage=\"wpforms-1698-field_6-error\" ><\/div><div id=\"wpforms-1698-field_2-container\" class=\"wpforms-field wpforms-field-textarea\" data-field-id=\"2\"><label class=\"wpforms-field-label\" for=\"wpforms-1698-field_2\">Comentario o mensaje<\/label><textarea id=\"wpforms-1698-field_2\" class=\"wpforms-field-medium\" name=\"wpforms[fields][2]\" aria-errormessage=\"wpforms-1698-field_2-error\" ><\/textarea><\/div><\/div><!-- .wpforms-field-container --><div class=\"wpforms-recaptcha-container wpforms-is-recaptcha wpforms-is-recaptcha-type-v2\" ><div class=\"g-recaptcha\" data-sitekey=\"6LfXrUkqAAAAANbmMHZiw6nAtL8EgrhDnA4bx5Xx\"><\/div><input type=\"text\" name=\"g-recaptcha-hidden\" class=\"wpforms-recaptcha-hidden\" style=\"position:absolute!important;clip:rect(0,0,0,0)!important;height:1px!important;width:1px!important;border:0!important;overflow:hidden!important;padding:0!important;margin:0!important;\" data-rule-recaptcha=\"1\"><\/div><div class=\"wpforms-submit-container\" ><input type=\"hidden\" name=\"wpforms[id]\" value=\"1698\"><input type=\"hidden\" name=\"page_title\" value=\"\"><input type=\"hidden\" name=\"page_url\" value=\"https:\/\/www.stoconsulting.com\/stoconsultingcom\/wp-json\/wp\/v2\/pages\/803\"><input type=\"hidden\" name=\"url_referer\" value=\"\"><button type=\"submit\" name=\"wpforms[submit]\" id=\"wpforms-submit-1698\" class=\"wpforms-submit\" data-alt-text=\"Enviando...\" data-submit-text=\"Enviar\" aria-live=\"assertive\" value=\"wpforms-submit\">Enviar<\/button><img loading=\"lazy\" decoding=\"async\" src=\"https:\/\/www.stoconsulting.com\/stoconsultingcom\/wp-content\/plugins\/wpforms-lite\/assets\/images\/submit-spin.svg\" class=\"wpforms-submit-spinner\" style=\"display: none;\" width=\"26\" height=\"26\" alt=\"Cargando\"><\/div><\/form><\/div>  <!-- .wpforms-container --><\/div><\/div> <\/div><\/div> <\/div><\/div>","protected":false},"excerpt":{"rendered":"<p>EXPERIENCIA Y CALIDAD EN SOLUCIONES DE TI\ufeff Somos una empresa mexicana con m\u00e1s de 23 a\u00f1os de experiencia en el mercado, contamos con 13 l\u00edneas de negocio y somos especialistas en aplicaciones y tecnolog\u00eda Oracle; adem\u00e1s somos Proveedor Autorizado de Certificaci\u00f3n ante el SAT (PAC 09581). STO Consulting ofrece una gama de servicios profesionales alineados&hellip; <br \/> <a class=\"read-more\" href=\"https:\/\/www.stoconsulting.com\/stoconsultingcom\/quienes-somos\/\">Read more<\/a><\/p>\n","protected":false},"author":1,"featured_media":0,"parent":0,"menu_order":0,"comment_status":"closed","ping_status":"closed","template":"pro\/page-templates\/full-width-page.php","meta":{"_joinchat":[],"footnotes":""},"class_list":["post-803","page","type-page","status-publish","hentry"],"_links":{"self":[{"href":"https:\/\/www.stoconsulting.com\/stoconsultingcom\/wp-json\/wp\/v2\/pages\/803","targetHints":{"allow":["GET"]}}],"collection":[{"href":"https:\/\/www.stoconsulting.com\/stoconsultingcom\/wp-json\/wp\/v2\/pages"}],"about":[{"href":"https:\/\/www.stoconsulting.com\/stoconsultingcom\/wp-json\/wp\/v2\/types\/page"}],"author":[{"embeddable":true,"href":"https:\/\/www.stoconsulting.com\/stoconsultingcom\/wp-json\/wp\/v2\/users\/1"}],"replies":[{"embeddable":true,"href":"https:\/\/www.stoconsulting.com\/stoconsultingcom\/wp-json\/wp\/v2\/comments?post=803"}],"version-history":[{"count":39,"href":"https:\/\/www.stoconsulting.com\/stoconsultingcom\/wp-json\/wp\/v2\/pages\/803\/revisions"}],"predecessor-version":[{"id":2166,"href":"https:\/\/www.stoconsulting.com\/stoconsultingcom\/wp-json\/wp\/v2\/pages\/803\/revisions\/2166"}],"wp:attachment":[{"href":"https:\/\/www.stoconsulting.com\/stoconsultingcom\/wp-json\/wp\/v2\/media?parent=803"}],"curies":[{"name":"wp","href":"https:\/\/api.w.org\/{rel}","templated":true}]}}