{"id":25,"date":"2022-05-19T20:28:38","date_gmt":"2022-05-19T20:28:38","guid":{"rendered":"http:\/\/www.stoconsulting.com\/stoconsultingcom\/?page_id=25"},"modified":"2025-10-15T18:17:51","modified_gmt":"2025-10-15T23:17:51","slug":"contacto-general","status":"publish","type":"page","link":"https:\/\/www.stoconsulting.com\/stoconsultingcom\/contacto-general\/","title":{"rendered":"Contacto"},"content":{"rendered":"<div  data-label=\"Contact\" data-id=\"contact--1\" data-export-id=\"contact-1\" data-category=\"contact\" class=\"contact-1 content-section content-section-spacing white-text\" data-parallax-depth=\"20\" id=\"contact-1\" style=\"background-color: rgb(255, 255, 255); background-size: cover; background-position: center top; background-image: url(&quot;https:\/\/www.stoconsulting.com\/stoconsultingcom\/wp-content\/uploads\/2025\/10\/STO_PAGINA_WEB_background.png&quot;);\" data-section-ov=\"1\"><div  class=\"gridContainer\"> <div  class=\"row text-center\"><div  class=\"section-title-col\" data-type=\"column\">  <p  class=\"lead\"><span  style=\"font-weight: 700; color: rgb(237, 55, 55);\">M\u00c9XICO<\/span><br >\nLago Alberto n\u00famero 442, oficina 303, Torre A,<br >\nColonia An\u00e1huac I Secci\u00f3n, Miguel Hidalgo, C.P. 11320, CDMX<br >\nSTO Consulting: (55) 5284 5060\n<br ><br ><br >\n<span  style=\"font-weight: 700; color: rgb(237, 55, 55);\">COLOMBIA<\/span><br >\nCalle 125 #19-89 Oficina 502,<br >\nBogot\u00e1, Colombia<br >\nSTO Consulting Colombia: +57 1 6583760<\/p><\/div> <\/div> <div  class=\"row text-center\"> <div  class=\"col-xs-12 col-sm-8 col-sm-offset-2 contact-form-wrapper inline-info\"> <div  class=\"card large-padding\"> <div  class=\"\" data-content-shortcode=\"mesmerize_contact_form shortcode=&quot;wpforms id=&amp;amp;quot;1698&amp;amp;quot;&quot;\" data-editable=\"true\"><style id=\"wpforms-css-vars-1698\">\n\t\t\t\t#wpforms-1698 {\n\t\t\t\t\n\t\t\t}\n\t\t\t<\/style><div class=\"wpforms-container wpforms-container-full wpforms-render-modern\" id=\"wpforms-1698\"><form id=\"wpforms-form-1698\" class=\"wpforms-validate wpforms-form wpforms-ajax-form\" data-formid=\"1698\" method=\"post\" enctype=\"multipart\/form-data\" action=\"\/stoconsultingcom\/wp-json\/wp\/v2\/pages\/25\" data-token=\"884639c3ab27389563af3adc9878761f\" data-token-time=\"1777706724\"><noscript class=\"wpforms-error-noscript\">Por favor, activa JavaScript en tu navegador para completar este formulario.<\/noscript><div id=\"wpforms-error-noscript\" style=\"display: none;\">Por favor, activa JavaScript en tu navegador para completar este formulario.<\/div><div class=\"wpforms-field-container\"><div id=\"wpforms-1698-field_0-container\" class=\"wpforms-field wpforms-field-name\" data-field-id=\"0\"><fieldset><legend class=\"wpforms-field-label\">Nombre: <span class=\"wpforms-required-label\" aria-hidden=\"true\">*<\/span><\/legend><div class=\"wpforms-field-row wpforms-field-medium\"><div class=\"wpforms-field-row-block wpforms-first wpforms-one-half\"><input type=\"text\" id=\"wpforms-1698-field_0\" class=\"wpforms-field-name-first wpforms-field-required\" name=\"wpforms[fields][0][first]\" aria-errormessage=\"wpforms-1698-field_0-error\" required><label for=\"wpforms-1698-field_0\" class=\"wpforms-field-sublabel after\">Nombre<\/label><\/div><div class=\"wpforms-field-row-block wpforms-one-half\"><input type=\"text\" id=\"wpforms-1698-field_0-last\" class=\"wpforms-field-name-last wpforms-field-required\" name=\"wpforms[fields][0][last]\" aria-errormessage=\"wpforms-1698-field_0-last-error\" required><label for=\"wpforms-1698-field_0-last\" class=\"wpforms-field-sublabel after\">Apellidos<\/label><\/div><\/div><\/fieldset><\/div><div id=\"wpforms-1698-field_1-container\" class=\"wpforms-field wpforms-field-email\" data-field-id=\"1\"><label class=\"wpforms-field-label\" for=\"wpforms-1698-field_1\">Correo electr\u00f3nico: <span class=\"wpforms-required-label\" aria-hidden=\"true\">*<\/span><\/label><input type=\"email\" id=\"wpforms-1698-field_1\" class=\"wpforms-field-medium wpforms-field-required\" name=\"wpforms[fields][1]\" spellcheck=\"false\" aria-errormessage=\"wpforms-1698-field_1-error\" required><\/div><div id=\"wpforms-1698-field_5-container\" class=\"wpforms-field wpforms-field-text\" data-field-id=\"5\"><label class=\"wpforms-field-label\" for=\"wpforms-1698-field_5\">Empresa:<\/label><input type=\"text\" id=\"wpforms-1698-field_5\" class=\"wpforms-field-medium\" name=\"wpforms[fields][5]\" aria-errormessage=\"wpforms-1698-field_5-error\" ><\/div><div id=\"wpforms-1698-field_3-container\" class=\"wpforms-field wpforms-field-number\" data-field-id=\"3\"><label class=\"wpforms-field-label\" for=\"wpforms-1698-field_3\">Tel\u00e9fono: <span class=\"wpforms-required-label\" aria-hidden=\"true\">*<\/span><\/label><input type=\"number\" id=\"wpforms-1698-field_3\" class=\"wpforms-field-medium wpforms-field-required\" name=\"wpforms[fields][3]\" step=\"any\" aria-errormessage=\"wpforms-1698-field_3-error\" required><\/div><div id=\"wpforms-1698-field_6-container\" class=\"wpforms-field wpforms-field-text\" data-field-id=\"6\"><label class=\"wpforms-field-label\" for=\"wpforms-1698-field_6\">Pa\u00eds: <\/label><input type=\"text\" id=\"wpforms-1698-field_6\" class=\"wpforms-field-medium\" name=\"wpforms[fields][6]\" aria-errormessage=\"wpforms-1698-field_6-error\" ><\/div><div id=\"wpforms-1698-field_2-container\" class=\"wpforms-field wpforms-field-textarea\" data-field-id=\"2\"><label class=\"wpforms-field-label\" for=\"wpforms-1698-field_2\">Comentario o mensaje<\/label><textarea id=\"wpforms-1698-field_2\" class=\"wpforms-field-medium\" name=\"wpforms[fields][2]\" aria-errormessage=\"wpforms-1698-field_2-error\" ><\/textarea><\/div><\/div><!-- .wpforms-field-container --><div class=\"wpforms-recaptcha-container wpforms-is-recaptcha wpforms-is-recaptcha-type-v2\" ><div class=\"g-recaptcha\" data-sitekey=\"6LfXrUkqAAAAANbmMHZiw6nAtL8EgrhDnA4bx5Xx\"><\/div><input type=\"text\" name=\"g-recaptcha-hidden\" class=\"wpforms-recaptcha-hidden\" style=\"position:absolute!important;clip:rect(0,0,0,0)!important;height:1px!important;width:1px!important;border:0!important;overflow:hidden!important;padding:0!important;margin:0!important;\" data-rule-recaptcha=\"1\"><\/div><div class=\"wpforms-submit-container\" ><input type=\"hidden\" name=\"wpforms[id]\" value=\"1698\"><input type=\"hidden\" name=\"page_title\" value=\"\"><input type=\"hidden\" name=\"page_url\" value=\"https:\/\/www.stoconsulting.com\/stoconsultingcom\/wp-json\/wp\/v2\/pages\/25\"><input type=\"hidden\" name=\"url_referer\" value=\"\"><button type=\"submit\" name=\"wpforms[submit]\" id=\"wpforms-submit-1698\" class=\"wpforms-submit\" data-alt-text=\"Enviando...\" data-submit-text=\"Enviar\" aria-live=\"assertive\" value=\"wpforms-submit\">Enviar<\/button><img loading=\"lazy\" decoding=\"async\" src=\"https:\/\/www.stoconsulting.com\/stoconsultingcom\/wp-content\/plugins\/wpforms-lite\/assets\/images\/submit-spin.svg\" class=\"wpforms-submit-spinner\" style=\"display: none;\" width=\"26\" height=\"26\" alt=\"Cargando\"><\/div><\/form><\/div>  <!-- .wpforms-container --><\/div><\/div> <\/div><\/div> <\/div><\/div>","protected":false},"excerpt":{"rendered":"<p>M\u00c9XICO Lago Alberto n\u00famero 442, oficina 303, Torre A, Colonia An\u00e1huac I Secci\u00f3n, Miguel Hidalgo, C.P. 11320, CDMX STO Consulting: (55) 5284 5060 COLOMBIA Calle 125 #19-89 Oficina 502, Bogot\u00e1, Colombia STO Consulting Colombia: +57 1 6583760<\/p>\n","protected":false},"author":1,"featured_media":0,"parent":0,"menu_order":0,"comment_status":"closed","ping_status":"closed","template":"pro\/page-templates\/full-width-page.php","meta":{"_joinchat":[],"footnotes":""},"class_list":["post-25","page","type-page","status-publish","hentry"],"_links":{"self":[{"href":"https:\/\/www.stoconsulting.com\/stoconsultingcom\/wp-json\/wp\/v2\/pages\/25","targetHints":{"allow":["GET"]}}],"collection":[{"href":"https:\/\/www.stoconsulting.com\/stoconsultingcom\/wp-json\/wp\/v2\/pages"}],"about":[{"href":"https:\/\/www.stoconsulting.com\/stoconsultingcom\/wp-json\/wp\/v2\/types\/page"}],"author":[{"embeddable":true,"href":"https:\/\/www.stoconsulting.com\/stoconsultingcom\/wp-json\/wp\/v2\/users\/1"}],"replies":[{"embeddable":true,"href":"https:\/\/www.stoconsulting.com\/stoconsultingcom\/wp-json\/wp\/v2\/comments?post=25"}],"version-history":[{"count":32,"href":"https:\/\/www.stoconsulting.com\/stoconsultingcom\/wp-json\/wp\/v2\/pages\/25\/revisions"}],"predecessor-version":[{"id":2153,"href":"https:\/\/www.stoconsulting.com\/stoconsultingcom\/wp-json\/wp\/v2\/pages\/25\/revisions\/2153"}],"wp:attachment":[{"href":"https:\/\/www.stoconsulting.com\/stoconsultingcom\/wp-json\/wp\/v2\/media?parent=25"}],"curies":[{"name":"wp","href":"https:\/\/api.w.org\/{rel}","templated":true}]}}