{"id":1799,"date":"2025-04-01T15:45:57","date_gmt":"2025-04-01T21:45:57","guid":{"rendered":"https:\/\/www.stoconsulting.com\/stoconsultingcom\/?page_id=1799"},"modified":"2025-12-23T17:19:07","modified_gmt":"2025-12-23T23:19:07","slug":"casos-de-exito","status":"publish","type":"page","link":"https:\/\/www.stoconsulting.com\/stoconsultingcom\/casos-de-exito\/","title":{"rendered":"CASOS DE \u00c9XITO"},"content":{"rendered":"<div  data-label=\"Portafolio\" data-id=\"about--3\" data-export-id=\"about-9\" data-category=\"about\" class=\"about-9 content-section content-section-spacing\" id=\"portafolio\" style=\"background-color: rgb(255, 255, 255);\"><div  class=\"gridContainer\"> <div  class=\"row middle-sm text-center\"><div  class=\"col-sm-5 space-bottom-xs content-column content-right-sm\" data-type=\"column\">   <p  class=\"\" style=\"text-align: justify;\"><span  style=\"color: rgb(51, 51, 51);\">Garantizando la continuidad funcional y operativa de <span  style=\"font-weight: 700;\">ASA<\/span> y sus niveles de servicio en el <span  style=\"font-weight: 300;\"><span  style=\"font-weight: 700;\">sistema ERP,<\/span> as\u00ed como seguir implementando las mejoras necesarias para una operaci\u00f3n din\u00e1mica del organismo.<\/span>\n<\/span><br ><br ><span  style=\"color: rgb(51, 51, 51);\">\nEsto incluye ofrecer el servicio de <span  style=\"font-weight: 700;\">Centro de Datos, infraestructura de procesamiento y comunicaciones, y soporte y mantenimiento a bases de datos, interfaces, m\u00f3dulos y personalizaciones, para asegurar su operaci\u00f3n conforme a las necesidades del organismo.<\/span><\/span><\/p> <a  class=\"button color1 round outline\" href=\"https:\/\/www.stoconsulting.com\/stoconsultingcom\/caso_asa\" target=\"_self\" data-cp-link=\"1\" data-icon=\"\">SABER M\u00c1S<\/a><\/div> <div  class=\"col-sm-7 flexbox flexbox middle-xs center-xs space-bottom-xs\"><div  class=\"overlay-box flexbox middle-xs center-xs overlay-holder \"> <div  class=\"overlay-box-offset offset-background shadow-medium bg-color2 hide-xs\"><\/div> <img decoding=\"async\"  class=\"flexbox shadow-large img1\" src=\"https:\/\/www.stoconsulting.com\/stoconsultingcom\/wp-content\/uploads\/2025\/10\/cropped-cropped-STO_PAGINA_WEB_asa_logo-1.jpg\" data-size=\"600x400\" title=\"STO_PAGINA_WEB_asa_logo\" alt=\"\"><\/div> <\/div><\/div> <\/div><\/div><div data-label=\"Content\" data-id=\"content--1\" data-export-id=\"content-12\" data-category=\"content\" class=\"content-12 content-section content-section-spacing\" id=\"content-1\"  style=\"background-color: rgb(255, 255, 255); background-image: none;\"><div class=\"gridContainer\" > <div class=\"row text-center\" ><div class=\"section-title-col\" data-type=\"column\" > <h2 class=\"\"  style=\"border-bottom-color: rgb(0, 62, 79);\"><span style=\"color: rgb(51, 51, 51); font-weight: 700;\" >Implementaci\u00f3n de Recursos Humanos y N\u00f3mina con Soluciones Oracle en una Dependencia de Gobierno<\/span><\/h2> <p class=\"lead\"  style=\"text-align: justify;\"><span style=\"color: rgb(52, 58, 64); font-weight: 400;\" >STO Consulting llev\u00f3 a cabo con \u00e9xito la implementaci\u00f3n integral de los m\u00f3dulos de Recursos Humanos y N\u00f3mina basados en soluciones Oracle para una dependencia de gobierno, logrando modernizar, estandarizar y asegurar la plena trazabilidad de los procesos institucionales. La soluci\u00f3n permiti\u00f3 automatizar la administraci\u00f3n de personal, control de tiempos, gesti\u00f3n de incidencias, c\u00e1lculo de n\u00f3mina, dispersi\u00f3n bancaria y timbrado CFDI, cumpliendo estrictamente con la normativa aplicable del SAT, IMSS, ISSSTE, INFONAVIT y dem\u00e1s reguladores del sector p\u00fablico.<br ><\/span><br ><span style=\"color: rgb(52, 58, 64); font-weight: 400;\" >\nGracias a las capacidades de Oracle, se consolid\u00f3 una estructura organizacional clara, flujos de aprobaci\u00f3n eficientes y un c\u00e1lculo de n\u00f3mina preciso y auditable, lo que redujo reprocesos y fortaleci\u00f3 los controles internos. Adem\u00e1s, la integraci\u00f3n con sistemas financieros gubernamentales y con instituciones bancarias garantiz\u00f3 una operaci\u00f3n \u00e1gil, transparente y alineada a las pol\u00edticas de fiscalizaci\u00f3n y rendici\u00f3n de cuentas.\n<br ><\/span><br ><span style=\"color: rgb(52, 58, 64); font-weight: 400;\" >\nCon el acompa\u00f1amiento especializado de STO Consulting y una metodolog\u00eda orientada al cumplimiento normativo, la dependencia logr\u00f3 una operaci\u00f3n estable, digitalizada y sustentada en mejores pr\u00e1cticas, asegurando pagos oportunos y exactos a su personal. Este caso de \u00e9xito demuestra la capacidad de STO Consulting para transformar procesos cr\u00edticos de RRHH en el sector p\u00fablico mediante el uso estrat\u00e9gico de soluciones Oracle.<\/span><\/p><\/div> <\/div> <div class=\"row center-xs middle-xs\" > <div class=\"col-sm-9\" data-type=\"column\" > <a data-cp-link=\"1\" href=\"#\"  class=\"\" target=\"_self\"><img decoding=\"async\" class=\"shadow-large\" src=\"\" ><\/a><\/div> <\/div><\/div> <\/div>","protected":false},"excerpt":{"rendered":"<p>Garantizando la continuidad funcional y operativa de ASA y sus niveles de servicio en el sistema ERP, as\u00ed como seguir implementando las mejoras necesarias para una operaci\u00f3n din\u00e1mica del organismo. Esto incluye ofrecer el servicio de Centro de Datos, infraestructura de procesamiento y comunicaciones, y soporte y mantenimiento a bases de datos, interfaces, m\u00f3dulos y&hellip; <br \/> <a class=\"read-more\" href=\"https:\/\/www.stoconsulting.com\/stoconsultingcom\/casos-de-exito\/\">Read more<\/a><\/p>\n","protected":false},"author":1,"featured_media":0,"parent":0,"menu_order":0,"comment_status":"closed","ping_status":"closed","template":"pro\/page-templates\/full-width-page.php","meta":{"_joinchat":[],"footnotes":""},"class_list":["post-1799","page","type-page","status-publish","hentry"],"_links":{"self":[{"href":"https:\/\/www.stoconsulting.com\/stoconsultingcom\/wp-json\/wp\/v2\/pages\/1799","targetHints":{"allow":["GET"]}}],"collection":[{"href":"https:\/\/www.stoconsulting.com\/stoconsultingcom\/wp-json\/wp\/v2\/pages"}],"about":[{"href":"https:\/\/www.stoconsulting.com\/stoconsultingcom\/wp-json\/wp\/v2\/types\/page"}],"author":[{"embeddable":true,"href":"https:\/\/www.stoconsulting.com\/stoconsultingcom\/wp-json\/wp\/v2\/users\/1"}],"replies":[{"embeddable":true,"href":"https:\/\/www.stoconsulting.com\/stoconsultingcom\/wp-json\/wp\/v2\/comments?post=1799"}],"version-history":[{"count":11,"href":"https:\/\/www.stoconsulting.com\/stoconsultingcom\/wp-json\/wp\/v2\/pages\/1799\/revisions"}],"predecessor-version":[{"id":2229,"href":"https:\/\/www.stoconsulting.com\/stoconsultingcom\/wp-json\/wp\/v2\/pages\/1799\/revisions\/2229"}],"wp:attachment":[{"href":"https:\/\/www.stoconsulting.com\/stoconsultingcom\/wp-json\/wp\/v2\/media?parent=1799"}],"curies":[{"name":"wp","href":"https:\/\/api.w.org\/{rel}","templated":true}]}}