{"id":1759,"date":"2024-11-05T17:13:42","date_gmt":"2024-11-05T23:13:42","guid":{"rendered":"https:\/\/www.stoconsulting.com\/stoconsultingcom\/?page_id=1759"},"modified":"2025-10-21T16:07:20","modified_gmt":"2025-10-21T21:07:20","slug":"denuncias-quejas-y-sugerencias","status":"publish","type":"page","link":"https:\/\/www.stoconsulting.com\/stoconsultingcom\/denuncias-quejas-y-sugerencias\/","title":{"rendered":"DENUNCIAS, QUEJAS Y SUGERENCIAS"},"content":{"rendered":"<div  data-label=\"Contact\" data-id=\"contact--1\" data-export-id=\"contact-1\" data-category=\"contact\" class=\"contact-1 content-section content-section-spacing white-text\" data-parallax-depth=\"20\" id=\"contact-1\" style=\"background-color: rgb(255, 255, 255); background-image: url(&quot;https:\/\/www.stoconsulting.com\/stoconsultingcom\/wp-content\/uploads\/2022\/05\/SLIDER-HOME-delgado-3-05-scaled.jpg&quot;); background-size: cover; background-position: center top;\" data-section-ov=\"1\"><div  class=\"gridContainer\"><div  data-section-title-area=\"true\" class=\"row text-center\">   <div  class=\"section-title-col\" data-type=\"column\">              <p  class=\"lead\"><span  style=\"font-family: &quot;Open Sans&quot;, arial, helvetica, sans-serif; font-weight: 600;\">Cualquier denuncia ser\u00e1 tratada de forma an\u00f3nima y podr\u00e1s\n<br >hacerla mediante este canal o bien atrav\u00e9s del correo:<\/span><\/p>   <a  class=\"button color7 round\" href=\"mailto:compliance@stoconsulting.com\" target=\"_self\" data-cp-link=\"1\" data-icon=\"\" rel=\"noopener\"><span  class=\"button-icon fa\"><\/span>compliance@stoconsulting.com<\/a><\/div><\/div>  <div  class=\"row text-center\"> <div  class=\"col-xs-12 col-sm-8 col-sm-offset-2 contact-form-wrapper inline-info\"> <div  class=\"card large-padding\"> <div  class=\"\" data-content-shortcode=\"mesmerize_contact_form shortcode=&quot;wpforms id=&amp;amp;quot;1756&amp;amp;quot; title=&amp;amp;quot;false&amp;amp;quot;&quot;\" data-editable=\"true\"><style id=\"wpforms-css-vars-1756\">\n\t\t\t\t#wpforms-1756 {\n\t\t\t\t\n\t\t\t}\n\t\t\t<\/style><div class=\"wpforms-container wpforms-container-full wpforms-render-modern\" id=\"wpforms-1756\"><form id=\"wpforms-form-1756\" class=\"wpforms-validate wpforms-form wpforms-ajax-form\" data-formid=\"1756\" method=\"post\" enctype=\"multipart\/form-data\" action=\"\/stoconsultingcom\/wp-json\/wp\/v2\/pages\/1759\" data-token=\"a45f42513cfe457f35eb8bcfae7994e3\" data-token-time=\"1777713757\"><noscript class=\"wpforms-error-noscript\">Por favor, activa JavaScript en tu navegador para completar este formulario.<\/noscript><div id=\"wpforms-error-noscript\" style=\"display: none;\">Por favor, activa JavaScript en tu navegador para completar este formulario.<\/div><div class=\"wpforms-field-container\"><div id=\"wpforms-1756-field_2-container\" class=\"wpforms-field wpforms-field-textarea\" data-field-id=\"2\"><textarea id=\"wpforms-1756-field_2\" class=\"wpforms-field-medium\" name=\"wpforms[fields][2]\" aria-errormessage=\"wpforms-1756-field_2-error\" ><\/textarea><\/div><\/div><!-- .wpforms-field-container --><div class=\"wpforms-recaptcha-container wpforms-is-recaptcha wpforms-is-recaptcha-type-v2\" ><div class=\"g-recaptcha\" data-sitekey=\"6LfXrUkqAAAAANbmMHZiw6nAtL8EgrhDnA4bx5Xx\"><\/div><input type=\"text\" name=\"g-recaptcha-hidden\" class=\"wpforms-recaptcha-hidden\" style=\"position:absolute!important;clip:rect(0,0,0,0)!important;height:1px!important;width:1px!important;border:0!important;overflow:hidden!important;padding:0!important;margin:0!important;\" data-rule-recaptcha=\"1\"><\/div><div class=\"wpforms-submit-container\" ><input type=\"hidden\" name=\"wpforms[id]\" value=\"1756\"><input type=\"hidden\" name=\"page_title\" value=\"\"><input type=\"hidden\" name=\"page_url\" value=\"https:\/\/www.stoconsulting.com\/stoconsultingcom\/wp-json\/wp\/v2\/pages\/1759\"><input type=\"hidden\" name=\"url_referer\" value=\"\"><button type=\"submit\" name=\"wpforms[submit]\" id=\"wpforms-submit-1756\" class=\"wpforms-submit\" data-alt-text=\"Enviando...\" data-submit-text=\"Enviar\" aria-live=\"assertive\" value=\"wpforms-submit\">Enviar<\/button><img loading=\"lazy\" decoding=\"async\" src=\"https:\/\/www.stoconsulting.com\/stoconsultingcom\/wp-content\/plugins\/wpforms-lite\/assets\/images\/submit-spin.svg\" class=\"wpforms-submit-spinner\" style=\"display: none;\" width=\"26\" height=\"26\" alt=\"Cargando\"><\/div><\/form><\/div>  <!-- .wpforms-container --><\/div><\/div> <\/div><\/div> <\/div><\/div>","protected":false},"excerpt":{"rendered":"<p>Cualquier denuncia ser\u00e1 tratada de forma an\u00f3nima y podr\u00e1s hacerla mediante este canal o bien atrav\u00e9s del correo: compliance@stoconsulting.com<\/p>\n","protected":false},"author":1,"featured_media":0,"parent":0,"menu_order":0,"comment_status":"closed","ping_status":"closed","template":"pro\/page-templates\/full-width-page.php","meta":{"_joinchat":[],"footnotes":""},"class_list":["post-1759","page","type-page","status-publish","hentry"],"_links":{"self":[{"href":"https:\/\/www.stoconsulting.com\/stoconsultingcom\/wp-json\/wp\/v2\/pages\/1759","targetHints":{"allow":["GET"]}}],"collection":[{"href":"https:\/\/www.stoconsulting.com\/stoconsultingcom\/wp-json\/wp\/v2\/pages"}],"about":[{"href":"https:\/\/www.stoconsulting.com\/stoconsultingcom\/wp-json\/wp\/v2\/types\/page"}],"author":[{"embeddable":true,"href":"https:\/\/www.stoconsulting.com\/stoconsultingcom\/wp-json\/wp\/v2\/users\/1"}],"replies":[{"embeddable":true,"href":"https:\/\/www.stoconsulting.com\/stoconsultingcom\/wp-json\/wp\/v2\/comments?post=1759"}],"version-history":[{"count":5,"href":"https:\/\/www.stoconsulting.com\/stoconsultingcom\/wp-json\/wp\/v2\/pages\/1759\/revisions"}],"predecessor-version":[{"id":2210,"href":"https:\/\/www.stoconsulting.com\/stoconsultingcom\/wp-json\/wp\/v2\/pages\/1759\/revisions\/2210"}],"wp:attachment":[{"href":"https:\/\/www.stoconsulting.com\/stoconsultingcom\/wp-json\/wp\/v2\/media?parent=1759"}],"curies":[{"name":"wp","href":"https:\/\/api.w.org\/{rel}","templated":true}]}}