{"id":1427,"date":"2022-06-08T17:41:59","date_gmt":"2022-06-08T17:41:59","guid":{"rendered":"http:\/\/www.stoconsulting.com\/stoconsultingcom\/?page_id=1427"},"modified":"2025-10-15T18:31:42","modified_gmt":"2025-10-15T23:31:42","slug":"aviso-de-privacidad","status":"publish","type":"page","link":"https:\/\/www.stoconsulting.com\/stoconsultingcom\/aviso-de-privacidad\/","title":{"rendered":"Aviso de Privacidad"},"content":{"rendered":"<div  data-label=\"Content\" data-id=\"content--1\" data-export-id=\"content-12\" data-category=\"content\" class=\"content-12 content-section content-section-spacing\" id=\"content-1\" style=\"background-color: rgb(255, 255, 255);\"><div  class=\"gridContainer\"> <div  class=\"row text-center\"><div  class=\"section-title-col\" data-type=\"column\"> <h2  class=\"\" style=\"border-bottom-color: rgb(255, 79, 91);\"><span  style=\"color: rgb(0, 0, 0); font-weight: 700; font-family: &quot;Open Sans&quot;, arial, helvetica, sans-serif;\">AVISO DE PRIVACIDAD.<\/span><br ><span  style=\"color: rgb(0, 0, 0); font-family: &quot;Open Sans&quot;, arial, helvetica, sans-serif;\">IDENTIDAD Y DOMICILIO DEL RESPONSABLE<\/span><\/h2> <p  class=\"lead\" style=\"text-align: justify;\"><span  style=\"color: rgb(51, 51, 51); font-weight: 300; font-family: &quot;Open Sans&quot;, arial, helvetica, sans-serif;\">En cumplimiento a lo establecido por la Ley General de Protecci\u00f3n de Datos Personales en Posesi\u00f3n de Sujetos Obligados (LGPDPPSO)., mediante este aviso, STO CONSULTING (en adelante STO), y sus filiales, con domicilio en Lago Alberto #442, oficina 303, Torre A, Colonia An\u00e1huac, Alcald\u00eda Miguel Hidalgo, C.P. 11320, Ciudad de M\u00e9xico, y portal de internet www.stoconsulting.com informan lo siguiente:\n<\/span><br ><span  style=\"color: rgb(51, 51, 51); font-weight: 600; font-family: &quot;Open Sans&quot;, arial, helvetica, sans-serif;\">\nFINALIDADES<\/span><br ><span style=\"color: rgb(51, 51, 51);\" ><span  style=\"font-weight: 400; font-family: arial, helvetica, sans-serif;\"><span style=\"font-family: &quot;Open Sans&quot;, arial, helvetica, sans-serif;\" ><span style=\"font-weight: 300;\" >\nQue los Datos Personales proporcionados por usted, ser\u00e1n utilizados por STO para las siguientes finalidades, mismas que resultan necesarias para los servicios prestados por STO: (i) el env\u00edo, por medios tradicionales y electr\u00f3nicos, de informaci\u00f3n t\u00e9cnica, operativa y comercial acerca de los productos y servicios ofrecidos por STO; (ii) incorporarlos en los instrumentos jur\u00eddicos que al efecto procedan para la debida formalizaci\u00f3n de las prestaci\u00f3n de los Servicios; (iii) el env\u00edo de actualizaci\u00f3n de los servicios; (iv) cumplir con lo dispuesto por el Servicios de Administraci\u00f3n Tributaria, relativo a la solicitud que \u00e9sta y otras autoridades puedan hacer respecto a los servicios de facturaci\u00f3n electr\u00f3nica prestados por STO en su calidad de PAC; (v) para responder mejor a los pedidos de servicio o las cotizaciones de compras de productos y servicios; (vi) la gesti\u00f3n y mantenimiento de bases de datos de demandantes de empleo para los efectos de que los empleadores puedan seleccionar, en su caso, posibles candidatos para los puestos de trabajo vacantes que STO ofrezca; (vii)<\/span> <span style=\"font-weight: 300;\" >como resultado de requisitos legales; (viii) para tratar temas relacionados con el funcionamiento y solucionar dificultades en los servicios; (ix) el env\u00edo de formularios y encuestas que no estar\u00e1 obligado a contestar; (x) asesor\u00eda especializada en implementaci\u00f3n de soluciones en tecnolog\u00eda para todo tipo de empresas; y, (xi) evaluar la calidad de nuestros productos y servicios; efectuar estudios sobre h\u00e1bitos de consumo, preferencia, inter\u00e9s de compra, prueba de producto, concepto, evaluaci\u00f3n del servicio, satisfacci\u00f3n y otras relacionadas con los productos y servicios de STO&nbsp;<\/span><\/span><\/span><span  style=\"font-weight: 400; font-family: arial, helvetica, sans-serif;\"><span style=\"font-family: &quot;Open Sans&quot;, arial, helvetica, sans-serif; font-weight: 100;\" >de manera adicional, podremos utilizar su informaci\u00f3n para las siguientes finalidades secundarias, que no son necesarias para el servicio solicitado, pero que nos permiten y facilitan brindarle una mejor atenci\u00f3n: (i) para ingresar a nuestras instalaciones, y (ii) para mercadotecnia y publicidad.<\/span>\n<\/span><\/span><br ><span  style=\"color: rgb(51, 51, 51); font-weight: 400; font-family: arial, helvetica, sans-serif;\"><span style=\"font-family: &quot;Open Sans&quot;, arial, helvetica, sans-serif; font-weight: 300;\" >\nEn caso de que no desee que sus datos personales sean tratados para estos fines secundarios, desde este momento usted nos puede comunicar lo anterior a trav\u00e9s del correo electr\u00f3nico: datos_personales@stoconsulting.com La negativa para el uso de sus datos personales para estas finalidades no podr\u00e1 ser un motivo para que le neguemos los servicios y productos que solicita o contrata con nosotros.<\/span>\n<\/span><br ><span  style=\"color: rgb(51, 51, 51); font-weight: 600; font-family: &quot;Open Sans&quot;, arial, helvetica, sans-serif;\">\nDATOS PERSONALES RECABADOS<\/span><br ><span  style=\"color: rgb(51, 51, 51); font-weight: 400; font-family: &quot;Open Sans&quot;, arial, helvetica, sans-serif;\"><span style=\"font-weight: 300;\" >\nPara llevar a cabo las finalidades descritas en el presente aviso de privacidad, utilizaremos los siguientes datos personales: (i) datos de identificaci\u00f3n (ii) datos de contacto.<\/span>\n<\/span><br ><span  style=\"color: rgb(51, 51, 51); font-weight: 600; font-family: &quot;Open Sans&quot;, arial, helvetica, sans-serif;\">\nTRANSFERENCIA DE DATOS<\/span><br ><span  style=\"color: rgb(51, 51, 51); font-weight: 400; font-family: &quot;Open Sans&quot;, arial, helvetica, sans-serif;\"><span style=\"font-weight: 300;\" >\nSTO para cumplir la(s) finalidad(es) anteriormente descrita(s) u otras aquellas exigidas legalmente o por las autoridades competentes, s\u00f3lo transferir\u00e1 los datos necesarios en los casos legalmente previstos, en especial, STO transferir\u00e1 sus datos personales necesarios a aquellas sociedades que forman parte del grupo societario de STO, esto es, a nuestras empresas subsidiarias y filiales, para la correcta prestaci\u00f3n de nuestros servicios. Le informamos que dicha transferencia no requiere de su consentimiento conforme a la normatividad porque las empresas del Grupo operan bajo los mismos procesos y pol\u00edticas de respeto a la privacidad.<\/span>\n<\/span><br ><span  style=\"color: rgb(51, 51, 51); font-weight: 600; font-family: &quot;Open Sans&quot;, arial, helvetica, sans-serif;\">\nDERECHOS ARCO<\/span><br ><span style=\"color: rgb(51, 51, 51);\" ><span style=\"font-family: &quot;Open Sans&quot;, arial, helvetica, sans-serif; font-weight: 300;\" >\nUsted tiene derecho a conocer qu\u00e9 datos personales tenemos de usted, para qu\u00e9 los utilizamos y las condiciones del uso que les damos (Acceso). Asimismo, es su derecho solicitar la correcci\u00f3n de su informaci\u00f3n personal en caso de que est\u00e9 desactualizada, sea inexacta o incompleta (Rectificaci\u00f3n); que la eliminemos de nuestros registros o bases de datos cuando considere que la misma no est\u00e1 siendo utilizada adecuadamente (Cancelaci\u00f3n); as\u00ed como oponerse al uso de sus datos personales para fines espec\u00edficos (Oposici\u00f3n). Estos derechos se conocen como derechos ARCO para el ejercicio de cualquiera de los derechos ARCO, usted deber\u00e1 presentar la solicitud respectiva dirigi\u00e9ndose por escrito al correo electr\u00f3nico: datos_personales@stoconsulting.com con atenci\u00f3n al Encargado del \u00c1rea de Protecci\u00f3n de Datos Personales. Para conocer el procedimiento y requisitos para el ejercicio de los derechos ARCO, ponemos a su disposici\u00f3n el correo electr\u00f3nico datos_personales@stoconsulting.com.\n<br ><\/span><span  style=\"font-weight: 300; font-family: &quot;Open Sans&quot;, arial, helvetica, sans-serif;\">Los datos de contacto de la persona o departamento de datos personales de STO, que est\u00e1 a cargo de dar tr\u00e1mite a las solicitudes de derechos ARCO, son los siguientes: (i) nombre de la persona o departamento: \u201cencargado del \u00e1rea de protecci\u00f3n de datos personales\u201d (ii) domicilio: Lago Alberto #442, oficina 303, Torre A, Colonia An\u00e1huac, Alcald\u00eda Miguel Hidalgo, C.P. 11320, Ciudad de M\u00e9xico, (iii) correo electr\u00f3nico: datos_personales@stoconsulting.com\n<\/span><\/span><br ><span  style=\"color: rgb(51, 51, 51); font-weight: 600; font-family: &quot;Open Sans&quot;, arial, helvetica, sans-serif;\">\nREVOCACION DE CONSENTIMIENTO<\/span><br ><span  style=\"color: rgb(51, 51, 51); font-weight: 300; font-family: &quot;Open Sans&quot;, arial, helvetica, sans-serif;\">\nUsted puede revocar el consentimiento que, en su caso, nos haya otorgado para el tratamiento de sus datos personales, sin embargo, es importante que tenga en cuenta que no en todos los casos podremos atender su solicitud o concluir el uso de forma inmediata, ya que es posible que por alguna obligaci\u00f3n legal requiramos seguir tratando sus datos personales. Asimismo, usted deber\u00e1 considerar que para ciertos fines, la revocaci\u00f3n de su consentimiento implicar\u00e1 que no le podamos seguir prestando el servicio que nos solicit\u00f3, o la conclusi\u00f3n de su relaci\u00f3n con nosotros.\n<\/span><br ><span  style=\"color: rgb(51, 51, 51); font-weight: 400; font-family: arial, helvetica, sans-serif;\"><span style=\"font-family: &quot;Open Sans&quot;, arial, helvetica, sans-serif; font-weight: 300;\" >\nPara revocar su consentimiento deber\u00e1 presentar su solicitud dirigi\u00e9ndose por escrito al correo electr\u00f3nico: datos_personales@stoconsulting.com<\/span> <span style=\"font-family: &quot;Open Sans&quot;, arial, helvetica, sans-serif; font-weight: 300;\" >con atenci\u00f3n al Encargado del \u00c1rea de Protecci\u00f3n de Datos Personales. Para conocer el procedimiento y requisitos para la revocaci\u00f3n del consentimiento, deber\u00e1 presentar su solicitud dirigi\u00e9ndose por escrito al correo electr\u00f3nico: datos_personales@stoconsulting.com con atenci\u00f3n al Encargado del \u00c1rea de Protecci\u00f3n de Datos Personales.<\/span>\n<\/span><br ><span  style=\"color: rgb(51, 51, 51); font-weight: 600; font-family: &quot;Open Sans&quot;, arial, helvetica, sans-serif;\">\nLIMITACI\u00d3N DEL USO Y DIVULGACI\u00d3N DE SU INFORMACI\u00d3N<\/span><br ><span  style=\"color: rgb(51, 51, 51); font-weight: 400; font-family: arial, helvetica, sans-serif;\"><span style=\"font-family: &quot;Open Sans&quot;, arial, helvetica, sans-serif; font-weight: 300;\" >\nCon el objeto de que usted pueda limitar el uso y divulgaci\u00f3n de su informaci\u00f3n personal, deber\u00e1 presentar su solicitud al correo electr\u00f3nico: datos_personales@stoconsulting.com con atenci\u00f3n al Encargado del \u00c1rea de Protecci\u00f3n de Datos Personales. En caso de que su solicitud sea procedente se le registrar\u00e1 en el listado de exclusi\u00f3n propio de STO., de igual forma en caso de que no desee obtener publicidad de nuestra parte, deber\u00e1 inscribirse en el listado de Registro P\u00fablico para Evitar Publicidad, para mayor informaci\u00f3n sobre dicho Registro, consulte el portal de internet de la PROFECO.<\/span>\n<\/span><br ><span  style=\"color: rgb(51, 51, 51); font-weight: 600; font-family: &quot;Open Sans&quot;, arial, helvetica, sans-serif;\">\nCAMBIOS AL AVISO DE PRIVACIDAD<\/span><br ><span  style=\"color: rgb(51, 51, 51); font-weight: 300; font-family: &quot;Open Sans&quot;, arial, helvetica, sans-serif;\">\nEl presente aviso de privacidad puede sufrir modificaciones, cambios o actualizaciones derivadas de nuevos requerimientos legales; de nuestras propias necesidades por los productos o servicios que ofrecemos; de nuestras pr\u00e1cticas de privacidad; de cambios en nuestro modelo de negocio, o por otras causas.<\/span><br ><span  style=\"color: rgb(51, 51, 51); font-weight: 300; font-family: &quot;Open Sans&quot;, arial, helvetica, sans-serif;\">\n\u00daltima actualizaci\u00f3n, mayo de 2022.<\/span><span id=\"_mce_caret\" data-mce-bogus=\"1\" data-mce-type=\"format-caret\" ><span style=\"font-family: &quot;Open Sans&quot;, arial, helvetica, sans-serif;\" >\ufeff<\/span><\/span><\/p><\/div> <\/div> <div  class=\"row center-xs middle-xs\"> <div  class=\"col-sm-9\" data-type=\"column\"> <a  data-cp-link=\"1\" href=\"#\" class=\"\" target=\"_self\" rel=\"noopener\"><img decoding=\"async\"  class=\"shadow-large\" src=\"\"><\/a><\/div> <\/div><\/div> <\/div>","protected":false},"excerpt":{"rendered":"<p>AVISO DE PRIVACIDAD.IDENTIDAD Y DOMICILIO DEL RESPONSABLE En cumplimiento a lo establecido por la Ley General de Protecci\u00f3n de Datos Personales en Posesi\u00f3n de Sujetos Obligados (LGPDPPSO)., mediante este aviso, STO CONSULTING (en adelante STO), y sus filiales, con domicilio en Lago Alberto #442, oficina 303, Torre A, Colonia An\u00e1huac, Alcald\u00eda Miguel Hidalgo, C.P. 11320,&hellip; <br \/> <a class=\"read-more\" href=\"https:\/\/www.stoconsulting.com\/stoconsultingcom\/aviso-de-privacidad\/\">Read more<\/a><\/p>\n","protected":false},"author":1,"featured_media":0,"parent":0,"menu_order":0,"comment_status":"closed","ping_status":"closed","template":"pro\/page-templates\/full-width-page.php","meta":{"_joinchat":[],"footnotes":""},"class_list":["post-1427","page","type-page","status-publish","hentry"],"_links":{"self":[{"href":"https:\/\/www.stoconsulting.com\/stoconsultingcom\/wp-json\/wp\/v2\/pages\/1427","targetHints":{"allow":["GET"]}}],"collection":[{"href":"https:\/\/www.stoconsulting.com\/stoconsultingcom\/wp-json\/wp\/v2\/pages"}],"about":[{"href":"https:\/\/www.stoconsulting.com\/stoconsultingcom\/wp-json\/wp\/v2\/types\/page"}],"author":[{"embeddable":true,"href":"https:\/\/www.stoconsulting.com\/stoconsultingcom\/wp-json\/wp\/v2\/users\/1"}],"replies":[{"embeddable":true,"href":"https:\/\/www.stoconsulting.com\/stoconsultingcom\/wp-json\/wp\/v2\/comments?post=1427"}],"version-history":[{"count":9,"href":"https:\/\/www.stoconsulting.com\/stoconsultingcom\/wp-json\/wp\/v2\/pages\/1427\/revisions"}],"predecessor-version":[{"id":2157,"href":"https:\/\/www.stoconsulting.com\/stoconsultingcom\/wp-json\/wp\/v2\/pages\/1427\/revisions\/2157"}],"wp:attachment":[{"href":"https:\/\/www.stoconsulting.com\/stoconsultingcom\/wp-json\/wp\/v2\/media?parent=1427"}],"curies":[{"name":"wp","href":"https:\/\/api.w.org\/{rel}","templated":true}]}}