{"id":1074,"date":"2022-05-27T17:21:20","date_gmt":"2022-05-27T17:21:20","guid":{"rendered":"http:\/\/www.stoconsulting.com\/stoconsultingcom\/?page_id=1074"},"modified":"2025-10-21T14:09:21","modified_gmt":"2025-10-21T19:09:21","slug":"dovela-software","status":"publish","type":"page","link":"https:\/\/www.stoconsulting.com\/stoconsultingcom\/dovela-software\/","title":{"rendered":"DOVELA SOFTWARE"},"content":{"rendered":"<div  data-label=\"DOVELA\" data-id=\"about--1\" data-export-id=\"about-10\" data-category=\"about\" class=\"about-10 content-section content-section-spacing\" id=\"dovela\" style=\"background-color: rgb(255, 255, 255); background-image: url(&quot;https:\/\/www.stoconsulting.com\/stoconsultingcom\/wp-content\/uploads\/2022\/06\/SLIDER-HOME_PRUEBA-HOME-copia-2-scaled.jpg&quot;); background-size: cover; background-position: center top;\"><div  class=\"gridContainer\"> <div  class=\"row middle-sm text-center\"><div  class=\"col-sm-5 space-bottom-xs content-column content-left-sm\" data-type=\"column\">  <h2  class=\"\" style=\"border-bottom-color: rgb(19, 203, 255);\"><span  style=\"font-family: &quot;Open Sans&quot;, arial, helvetica, sans-serif;\"><span  style=\"color: rgb(0, 62, 79); font-weight: 700;\">DOVELA <\/span><span  style=\"color: rgb(67, 128, 255);\">SOFTWARE<\/span><\/span><\/h2> <p  class=\"\" style=\"text-align: justify;\"><span  style=\"color: rgb(51, 51, 51); font-weight: 400; font-family: &quot;Open Sans&quot;, arial, helvetica, sans-serif;\"><span  style=\"font-weight: 600;\">Soluci\u00f3n integral para facturaci\u00f3n Inteligente<\/span> que maneja herramientas de anal\u00edtica y compulsa para tener mayor control de los procesos fiscales contemplando elementos de estad\u00edstica b\u00e1sica para la optimizaci\u00f3n de la toma de decisiones.\n<\/span><\/p><a  class=\"button color1 round outline\" href=\"http:\/\/www.dovelasoftware.com\/dovelasoftware\" target=\"_blank\" data-cp-link=\"1\" data-icon=\"\" rel=\"noopener\">VISITAR SITIO<\/a> <\/div> <div  class=\"col-sm-7 flexbox middle-xs center-xs space-bottom-xs\"><div  class=\"overlay-box middle-xs center-xs flexbox\"> <div  class=\"overlay-box-offset shadow-medium border-color1 hide-xs offset-background\"><\/div> <a  data-cp-link=\"1\" href=\"#\" target=\"_self\" rel=\"noopener\"><img  decoding=\"async\" class=\"shadow-large\" data-size=\"485x705\" src=\"\"><\/a><\/div> <\/div><\/div> <\/div><\/div><div  data-label=\"Content\" data-id=\"content--1\" data-export-id=\"content-12\" data-category=\"content\" class=\"content-12 content-section content-section-spacing\" id=\"content-1\" style=\"background-color: rgb(255, 255, 255); background-image: none;\"><div  class=\"gridContainer\"> <div  class=\"row text-center\"><div  class=\"section-title-col\" data-type=\"column\"> <h2  class=\"\" style=\"border-bottom-color: rgb(67, 128, 255);\"><span  style=\"font-family: &quot;Open Sans&quot;, arial, helvetica, sans-serif; color: rgb(51, 51, 51); font-weight: 500;\"><span  style=\"font-weight: 700;\">SITIO GRATUITO&nbsp;<\/span>DE FACTURACI\u00d3N<\/span><\/h2> <p  class=\"lead\" style=\"text-align: left;\"><span  style=\"font-weight: 400; font-family: &quot;Open Sans&quot;, arial, helvetica, sans-serif; color: rgb(0, 0, 0);\"><span  style=\"color: rgb(51, 51, 51);\">O bien, copiando y pegando en tu navegador de preferencia la siguiente.<\/span> \n<br >URL: <span  style=\"font-weight: 600;\"><a  data-mce-href=\"URL:%20https:\/\/pac.stofactura.com\/pac-freesite\/\" href=\"\/\/pac.stofactura.com\/pac-freesite\" target=\"_blank\" rel=\"noopener\" data-mce-selected=\"inline-boundary\" data-cp-link=\"1\" class=\"\">https:\/\/pac.stofactura.com\/pac-freesite\/\ufeff<\/a><\/span><\/span><br ><span  style=\"font-weight: 400; font-family: &quot;Open Sans&quot;, arial, helvetica, sans-serif; color: rgb(0, 0, 0);\">\nEn este sitio gratuito pod<span  style=\"color: rgb(51, 51, 51);\">r\u00e1s:<\/span><\/span><br ><span  style=\"font-weight: 400; font-family: &quot;Open Sans&quot;, arial, helvetica, sans-serif; color: rgb(51, 51, 51);\">\n\u2022Emitir comprobantes fiscales por internet.<\/span><br ><span  style=\"font-weight: 400; font-family: &quot;Open Sans&quot;, arial, helvetica, sans-serif; color: rgb(51, 51, 51);\">\n\u2022Consultar los comprobantes que has emitido.<\/span><br ><span  style=\"font-weight: 400; font-family: &quot;Open Sans&quot;, arial, helvetica, sans-serif; color: rgb(51, 51, 51);\">\n\u2022Descargar los archivos XML y PDF correspondientes a dichos comprobantes.<\/span><br ><span  style=\"font-weight: 400; font-family: &quot;Open Sans&quot;, arial, helvetica, sans-serif; color: rgb(51, 51, 51);\">\n\u2022Cancelar comprobantes.<\/span><br ><span  style=\"font-weight: 400; font-family: &quot;Open Sans&quot;, arial, helvetica, sans-serif; color: rgb(51, 51, 51);\">\nPara descargar el manual de usuario, haz clic aqu\u00ed:<\/span><span  id=\"_mce_caret\" data-mce-bogus=\"1\" data-mce-type=\"format-caret\"><span  style=\"color: rgb(51, 51, 51);\">\ufeff<\/span><\/span><\/p><a  class=\"button big color1 round\" href=\"https:\/\/www.stoconsulting.com\/stoconsultingcom\/wp-content\/uploads\/2022\/06\/STO_Neon_manual_usuario_sitioGratuito.pdf\" target=\"_self\" data-cp-link=\"1\" data-icon=\"\" rel=\"noopener\">DESCARGA MANUAL<\/a><p  class=\"lead\" style=\"text-align: justify;\"><span  style=\"color: rgb(51, 51, 51); font-weight: 400; font-family: &quot;Open Sans&quot;, arial, helvetica, sans-serif;\">En caso de requerir apoyo y\/o soporte t\u00e9cnico, por favor no dudes en comunicarte con nosotros a trav\u00e9s de los siguientes medios:<\/span><br ><span  style=\"color: rgb(51, 51, 51); font-weight: 400; font-family: &quot;Open Sans&quot;, arial, helvetica, sans-serif;\">\nPor correo electr\u00f3nico:<\/span><br ><span  style=\"font-weight: 600;\"><a  data-mce-href=\"http:\/\/isupport.stoapps.com\" href=\"http:\/\/isupport.stoapps.com\" target=\"_blank\" rel=\"noopener\" data-mce-selected=\"inline-boundary\" data-cp-link=\"1\" class=\"\"><span  style=\"color: rgb(0, 0, 0); font-family: arial, helvetica, sans-serif;\">\nhttp:\/\/isupport.stoapps.com<\/span><\/a><\/span><br ><span  style=\"color: rgb(0, 0, 0); font-weight: 400; font-family: &quot;Open Sans&quot;, arial, helvetica, sans-serif;\">\n<span  style=\"color: rgb(51, 51, 51);\">Por tel\u00e9fono:<\/span><\/span><br ><span  style=\"color: rgb(51, 51, 51); font-weight: 400; font-family: &quot;Open Sans&quot;, arial, helvetica, sans-serif;\">Ciudad de M\u00e9xico: <span  style=\"font-weight: 600;\">(01 55) 5284 5060 \u201cOpci\u00f3n 3\u201d <span  style=\"font-family: &quot;Open Sans&quot;, arial, helvetica, sans-serif;\">Soporte<\/span><\/span><\/span><\/p><h5  class=\"\"><span  style=\"color: rgb(0, 0, 0);\">D\u00e9janos tambi\u00e9n tus sugerencias y\/o comentarios en la secci\u00f3n de contacto.<\/span><\/h5><a  class=\"button big color1 round outline\" href=\"https:\/\/www.stoconsulting.com\/stoconsultingcom\/contacto-general\" target=\"_self\" data-cp-link=\"1\" data-icon=\"\" rel=\"noopener\">CONTACTO<\/a><\/div> <\/div> <div  class=\"row center-xs middle-xs\"> <div  class=\"col-sm-9\" data-type=\"column\"> <\/div> <\/div><\/div> <\/div>","protected":false},"excerpt":{"rendered":"<p>DOVELA SOFTWARE Soluci\u00f3n integral para facturaci\u00f3n Inteligente que maneja herramientas de anal\u00edtica y compulsa para tener mayor control de los procesos fiscales contemplando elementos de estad\u00edstica b\u00e1sica para la optimizaci\u00f3n de la toma de decisiones. VISITAR SITIO SITIO GRATUITO&nbsp;DE FACTURACI\u00d3N O bien, copiando y pegando en tu navegador de preferencia la siguiente. URL: https:\/\/pac.stofactura.com\/pac-freesite\/\ufeff En&hellip; <br \/> <a class=\"read-more\" href=\"https:\/\/www.stoconsulting.com\/stoconsultingcom\/dovela-software\/\">Read more<\/a><\/p>\n","protected":false},"author":1,"featured_media":0,"parent":0,"menu_order":0,"comment_status":"closed","ping_status":"closed","template":"pro\/page-templates\/full-width-page.php","meta":{"_joinchat":[],"footnotes":""},"class_list":["post-1074","page","type-page","status-publish","hentry"],"_links":{"self":[{"href":"https:\/\/www.stoconsulting.com\/stoconsultingcom\/wp-json\/wp\/v2\/pages\/1074","targetHints":{"allow":["GET"]}}],"collection":[{"href":"https:\/\/www.stoconsulting.com\/stoconsultingcom\/wp-json\/wp\/v2\/pages"}],"about":[{"href":"https:\/\/www.stoconsulting.com\/stoconsultingcom\/wp-json\/wp\/v2\/types\/page"}],"author":[{"embeddable":true,"href":"https:\/\/www.stoconsulting.com\/stoconsultingcom\/wp-json\/wp\/v2\/users\/1"}],"replies":[{"embeddable":true,"href":"https:\/\/www.stoconsulting.com\/stoconsultingcom\/wp-json\/wp\/v2\/comments?post=1074"}],"version-history":[{"count":26,"href":"https:\/\/www.stoconsulting.com\/stoconsultingcom\/wp-json\/wp\/v2\/pages\/1074\/revisions"}],"predecessor-version":[{"id":2168,"href":"https:\/\/www.stoconsulting.com\/stoconsultingcom\/wp-json\/wp\/v2\/pages\/1074\/revisions\/2168"}],"wp:attachment":[{"href":"https:\/\/www.stoconsulting.com\/stoconsultingcom\/wp-json\/wp\/v2\/media?parent=1074"}],"curies":[{"name":"wp","href":"https:\/\/api.w.org\/{rel}","templated":true}]}}