{"id":1066,"date":"2022-05-27T17:09:35","date_gmt":"2022-05-27T17:09:35","guid":{"rendered":"http:\/\/www.stoconsulting.com\/stoconsultingcom\/?page_id=1066"},"modified":"2025-10-21T14:17:04","modified_gmt":"2025-10-21T19:17:04","slug":"mesa-de-soporte-2","status":"publish","type":"page","link":"https:\/\/www.stoconsulting.com\/stoconsultingcom\/mesa-de-soporte-2\/","title":{"rendered":"MESA DE SOPORTE"},"content":{"rendered":"<div  data-label=\"MESA DE SOPORTE\" data-id=\"about--2\" data-export-id=\"about-10\" data-category=\"about\" class=\"about-10 content-section content-section-spacing\" id=\"mesa-de-soporte\" style=\"background-color: rgba(255, 255, 255, 0); background-image: url(&quot;https:\/\/www.stoconsulting.com\/stoconsultingcom\/wp-content\/uploads\/2022\/05\/FONDO_MESA-DE-SOPORTE-SECCION-MESA-DE-SOPORTE.png&quot;); background-size: cover; background-position: center top;\"><div  class=\"gridContainer\"> <div  class=\"row middle-sm text-center\"><div  class=\"col-sm-5 space-bottom-xs content-column content-left-sm\" data-type=\"column\">  <h2  class=\"\" style=\"border-bottom-color: rgb(255, 79, 91);\"><span  style=\"color: rgb(51, 51, 51); font-family: &quot;Open Sans&quot;, arial, helvetica, sans-serif; font-weight: 700;\"><span  style=\"font-weight: 400;\">MESA DE \n<\/span><br >SOPORTE<\/span><\/h2> <p  class=\"\" style=\"text-align: justify;\"><span  style=\"font-weight: 300; font-family: &quot;Open Sans&quot;, arial, helvetica, sans-serif; color: rgb(51, 51, 51);\">Contamos con p\u00f3lizas de soporte t\u00e9cnico y funcional, nuestra intenci\u00f3n es participar profesionalmente con su empresa apoyando con conocimiento y experiencia para lograr un \u00f3ptimo funcionamiento de las diferentes <span  style=\"font-weight: 700;\">Aplicaciones y Tecnolog\u00eda Oracle<\/span>, as\u00ed como soluciones de<span  style=\"font-weight: 700;\"> Factura Electr\u00f3nica<\/span>; mismas en las que nos hemos especializado a lo largo de nuestra historia.\n<\/span><br ><br >\n<\/p> <a  class=\"button big color7\" href=\"https:\/\/www.stoconsulting.com\/stoconsultingcom\/brochure-aplicacionesweb\" target=\"_self\" data-cp-link=\"1\" data-icon=\"\" rel=\"noopener\">DESCARGAR BROCHURE<\/a><\/div> <div  class=\"col-sm-7 flexbox middle-xs center-xs space-bottom-xs\"><div  class=\"overlay-box middle-xs center-xs flexbox\"> <div  class=\"overlay-box-offset offset-border shadow-medium border-color1 hide-xs\"><\/div> <a  data-cp-link=\"1\" href=\"#\" target=\"_self\" rel=\"noopener\"><img  decoding=\"async\" class=\"shadow-large\" data-size=\"485x705\" src=\"\"><\/a><\/div> <\/div><\/div> <\/div><\/div><div  data-label=\"CENTRO DE ATENCION\" data-id=\"about--3\" data-export-id=\"about-10\" data-category=\"about\" class=\"about-10 content-section content-section-spacing\" id=\"centro-de-atencion\" style=\"background-color: rgb(245, 250, 253); background-image: url(&quot;https:\/\/www.stoconsulting.com\/stoconsultingcom\/wp-content\/uploads\/2022\/05\/FONDO_MESA-DE-SOPORTE.png&quot;); background-size: cover; background-position: center top;\"><div  class=\"gridContainer\"> <div  class=\"row middle-sm text-center\"><div  class=\"col-sm-5 space-bottom-xs content-column\" data-type=\"column\">    <p  class=\"\" style=\"text-align: justify;\"><span  style=\"color: rgb(51, 51, 51); font-family: &quot;Open Sans&quot;, arial, helvetica, sans-serif; font-weight: 300;\">Nuestro <span  style=\"font-weight: 700;\">Centro de Atenci\u00f3n y Soporte STO<\/span> cuenta con disponibilidad de servicio garantizada, el cual le brindar\u00e1 atenci\u00f3n telef\u00f3nica.<\/span><br ><span  style=\"color: rgb(51, 51, 51); font-family: &quot;Open Sans&quot;, arial, helvetica, sans-serif; font-weight: 700;\">\nContamos con diferentes esquemas de Soporte para brindarle una mejor atenci\u00f3n de acuerdo a sus necesidades.<\/span><\/p><p  class=\"\" style=\"text-align: justify;\"><span  style=\"font-weight: 700; font-family: &quot;Open Sans&quot;, arial, helvetica, sans-serif; color: rgb(255, 79, 91);\">TECNOLOG\u00cdA ORACLE<\/span><br ><span  style=\"font-weight: 400; font-family: &quot;Open Sans&quot;, arial, helvetica, sans-serif; color: rgb(0, 0, 0);\"><span  style=\"font-weight: 300;\"><span  style=\"color: rgb(51, 51, 51);\">\n\ufeffReduzca sus costos de operaci\u00f3n por medio de nuestros servicios de soporte t\u00e9cnico remoto o en sitio especializados en los productos de la gama tecnol\u00f3gica de <span  style=\"font-weight: 700;\">Oracle<\/span>.<\/span><\/span>\n<br ><br >\n<\/span><br ><span  style=\"font-weight: 700; font-family: &quot;Open Sans&quot;, arial, helvetica, sans-serif; color: rgb(0, 0, 0);\"><span  style=\"color: rgb(237, 55, 55);\">\n<span  style=\"color: rgb(255, 79, 91);\">APLICATIVOS ORACLE<\/span><\/span><\/span><br ><span  style=\"font-weight: 300; font-family: &quot;Open Sans&quot;, arial, helvetica, sans-serif; color: rgb(0, 0, 0);\">\n<span  style=\"color: rgb(51, 51, 51);\">Utilice nuestros servicios de soporte orientados a la resoluci\u00f3n de problemas funcionales y t\u00e9cnicos en las aplicaciones <span  style=\"font-weight: 700;\">Oracle<\/span>. Contamos con un \u00e1rea especializada para tal efecto y apoyada adicionalmente a la experiencia del grupo de m\u00e1s de sesenta colaboradores especializados en las soluciones.<\/span><\/span><\/p><\/div> <div  class=\"col-sm-7 flexbox middle-xs center-xs space-bottom-xs\"><div  class=\"overlay-box middle-xs center-xs flexbox\"> <div  class=\"overlay-box-offset offset-border shadow-medium border-color1 hide-xs\"><\/div> <a  data-cp-link=\"1\" href=\"#\" target=\"_self\" rel=\"noopener\"><img  decoding=\"async\" class=\"shadow-large\" data-size=\"485x705\" src=\"\"><\/a><\/div> <\/div><\/div> <\/div><\/div>","protected":false},"excerpt":{"rendered":"<p>MESA DE SOPORTE Contamos con p\u00f3lizas de soporte t\u00e9cnico y funcional, nuestra intenci\u00f3n es participar profesionalmente con su empresa apoyando con conocimiento y experiencia para lograr un \u00f3ptimo funcionamiento de las diferentes Aplicaciones y Tecnolog\u00eda Oracle, as\u00ed como soluciones de Factura Electr\u00f3nica; mismas en las que nos hemos especializado a lo largo de nuestra historia.&hellip; <br \/> <a class=\"read-more\" href=\"https:\/\/www.stoconsulting.com\/stoconsultingcom\/mesa-de-soporte-2\/\">Read more<\/a><\/p>\n","protected":false},"author":1,"featured_media":0,"parent":0,"menu_order":0,"comment_status":"closed","ping_status":"closed","template":"pro\/page-templates\/full-width-page.php","meta":{"_joinchat":[],"footnotes":""},"class_list":["post-1066","page","type-page","status-publish","hentry"],"_links":{"self":[{"href":"https:\/\/www.stoconsulting.com\/stoconsultingcom\/wp-json\/wp\/v2\/pages\/1066","targetHints":{"allow":["GET"]}}],"collection":[{"href":"https:\/\/www.stoconsulting.com\/stoconsultingcom\/wp-json\/wp\/v2\/pages"}],"about":[{"href":"https:\/\/www.stoconsulting.com\/stoconsultingcom\/wp-json\/wp\/v2\/types\/page"}],"author":[{"embeddable":true,"href":"https:\/\/www.stoconsulting.com\/stoconsultingcom\/wp-json\/wp\/v2\/users\/1"}],"replies":[{"embeddable":true,"href":"https:\/\/www.stoconsulting.com\/stoconsultingcom\/wp-json\/wp\/v2\/comments?post=1066"}],"version-history":[{"count":23,"href":"https:\/\/www.stoconsulting.com\/stoconsultingcom\/wp-json\/wp\/v2\/pages\/1066\/revisions"}],"predecessor-version":[{"id":2178,"href":"https:\/\/www.stoconsulting.com\/stoconsultingcom\/wp-json\/wp\/v2\/pages\/1066\/revisions\/2178"}],"wp:attachment":[{"href":"https:\/\/www.stoconsulting.com\/stoconsultingcom\/wp-json\/wp\/v2\/media?parent=1066"}],"curies":[{"name":"wp","href":"https:\/\/api.w.org\/{rel}","templated":true}]}}